{"id":90306,"date":"2026-05-05T13:50:49","date_gmt":"2026-05-05T12:50:49","guid":{"rendered":"https:\/\/dentool.dk\/vare\/tecno-piu-pfr-30-650"},"modified":"2026-05-05T13:50:49","modified_gmt":"2026-05-05T12:50:49","slug":"tecno-piu-pfr-30-650-4030","status":"publish","type":"product","link":"https:\/\/dentool.dk\/de\/maschine\/tecno-piu-pfr-30-650-4030\/","title":{"rendered":"TECNO PIU PFR 30\/650"},"content":{"rendered":"","protected":false},"excerpt":{"rendered":"<p>TECNO PIU PFR 30\/650 Sicherheitsbildschirm<br \/>,,Drehl\u00e4nge 35000 mm,Drehen \u00fcber Querschlitte 1600 mm \u00d8,Max. gewicht im Pinole 63000 Kg,Spindel  Motort Leistung  2 x 82 kW,Universalfutter 2 x 2000 mm mm \u00d8,Querschlitte 2 x   ( Double ) ,Fest L\u00fcnette 5 + 2 mm \u00d8,Reitstock 2 x  ,Gr. Drehdiameter 202<\/p>\n","protected":false},"featured_media":0,"comment_status":"closed","ping_status":"closed","template":"","meta":{"_acf_changed":false},"product_brand":[],"product_cat":[13644],"product_tag":[],"class_list":{"0":"post-90306","1":"product","2":"type-product","3":"status-publish","5":"product_cat-sicherheitsbildschirm","6":"entry","7":"no-media","9":"first","10":"instock","11":"shipping-taxable","12":"product-type-simple"},"acf":[],"_links":{"self":[{"href":"https:\/\/dentool.dk\/de\/wp-json\/wp\/v2\/product\/90306","targetHints":{"allow":["GET"]}}],"collection":[{"href":"https:\/\/dentool.dk\/de\/wp-json\/wp\/v2\/product"}],"about":[{"href":"https:\/\/dentool.dk\/de\/wp-json\/wp\/v2\/types\/product"}],"replies":[{"embeddable":true,"href":"https:\/\/dentool.dk\/de\/wp-json\/wp\/v2\/comments?post=90306"}],"wp:attachment":[{"href":"https:\/\/dentool.dk\/de\/wp-json\/wp\/v2\/media?parent=90306"}],"wp:term":[{"taxonomy":"product_brand","embeddable":true,"href":"https:\/\/dentool.dk\/de\/wp-json\/wp\/v2\/product_brand?post=90306"},{"taxonomy":"product_cat","embeddable":true,"href":"https:\/\/dentool.dk\/de\/wp-json\/wp\/v2\/product_cat?post=90306"},{"taxonomy":"product_tag","embeddable":true,"href":"https:\/\/dentool.dk\/de\/wp-json\/wp\/v2\/product_tag?post=90306"}],"curies":[{"name":"wp","href":"https:\/\/api.w.org\/{rel}","templated":true}]}}