{"id":156,"date":"2018-11-15T11:17:04","date_gmt":"2018-11-15T10:17:04","guid":{"rendered":"https:\/\/dev.dentool.dk\/om\/"},"modified":"2020-08-27T09:38:54","modified_gmt":"2020-08-27T07:38:54","slug":"ueber-uns","status":"publish","type":"page","link":"https:\/\/dentool.dk\/de\/ueber-uns\/","title":{"rendered":"\u00dcber uns"},"content":{"rendered":"<div class=\"wpb-content-wrapper\">[vc_row][vc_column width=&#8220;2\/3&#8243;]<h2 class=\"vcex-heading vcex-heading-plain vcex-module wpex-heading wpex-text-2xl\"><span class=\"vcex-heading-inner wpex-inline-block\">DenTool GMBH Verkaufen Gebrauchmaschinen<\/span><\/h2>[vc_column_text]Mit stetig wachsendem Erfolg haben wir uns als mittelst\u00e4ndisches Handelsunternehmen auf dem Gebiet CNC-gesteuerte Werkzeugmaschinen, auf nationalen und internationalen M\u00e4rkten etabliert.<br \/>\nEgal, ob Sie eine Maschine zu viel oder zu wenig haben: Sprechen Sie uns an, wir helfen Ihnen gerne weiter. Seit der Gr\u00fcndung 1997, steht das Unternehmen im Gebrauchtmaschinenhandel f\u00fcr Qualit\u00e4t. Wir betreuen regional und international viele Stammkunden und ein st\u00e4ndig wachsendes Kundenklientel. Kundenorientierung und Kundenn\u00e4he sind das Erfolgsrezept. Engagierte und hochmotivierte Mitarbeiter stehen Ihnen sowohl in der Kundenberatung als auch im Service gerne zur Verf\u00fcgung.<br \/>\nWir Sind ihren Internationale Gesch\u00e4ft Partner[\/vc_column_text]<div class=\"vcex-spacing wpex-w-100 wpex-clear\"><\/div>[vc_text_separator title=&#8220;Wir h\u00f6hren gern von Sie&#8220; title_align=&#8220;separator_align_left&#8220;][\/vc_column][vc_column width=&#8220;1\/3&#8243;]<h2 class=\"vcex-heading vcex-heading-plain vcex-module wpex-heading wpex-text-2xl\"><span class=\"vcex-heading-inner wpex-inline-block\">Termin Dokument ( Nur danish)<\/span><\/h2>[vc_column_text]Seehen Sie das Dokument hier![\/vc_column_text]<div class=\"vcex-spacing wpex-w-100 wpex-clear\"><\/div><a href=\"https:\/\/dentool.dk\/beskikkelse-2011-2016\/\" class=\"vcex-button theme-button flat medium inline\" target=\"_blank\" rel=\"noopener noreferrer\"><span class=\"vcex-button-inner theme-button-inner wpex-flex wpex-flex-wrap wpex-items-center wpex-justify-center\">Download beskikkelser<\/span><\/a> <div class=\"vcex-spacing wpex-w-100 wpex-clear\" style=\"height:40px;\"><\/div><h2 class=\"vcex-heading vcex-heading-plain vcex-module wpex-heading wpex-text-2xl\"><span class=\"vcex-heading-inner wpex-inline-block\">DenTool LTD<\/span><\/h2>[vc_column_text]Wir sind nur 1 stunde von Kopenhagen Flughafen, wir abholen und bringen Sie f\u00fcr inspektion von unsere Maschinen.<\/p>\n<p>Wir Machen auch Total Angebot mit Lieferung sum ihre Adresse<\/p>\n<p>We&#8217;re able to supply you shipping quotations to suit your order.[\/vc_column_text][\/vc_column][\/vc_row][vc_row][vc_column]<div class=\"vcex-spacing wpex-w-100 wpex-clear\" style=\"height:60px;\"><\/div>[\/vc_column][\/vc_row]\n<\/div>","protected":false},"excerpt":{"rendered":"<p>[vc_row][vc_column width=&#8220;2\/3&#8243;][vc_column_text]Mit stetig wachsendem Erfolg haben wir uns als mittelst\u00e4ndisches Handelsunternehmen auf dem Gebiet CNC-gesteuerte Werkzeugmaschinen, auf nationalen und internationalen M\u00e4rkten etabliert. Egal, ob Sie eine Maschine zu viel oder zu wenig haben: Sprechen Sie uns an, wir helfen Ihnen gerne weiter. Seit der Gr\u00fcndung 1997, steht das Unternehmen im Gebrauchtmaschinenhandel f\u00fcr Qualit\u00e4t. Wir betreuen&hellip;<\/p>\n","protected":false},"author":1,"featured_media":0,"parent":0,"menu_order":0,"comment_status":"closed","ping_status":"closed","template":"","meta":{"_acf_changed":false,"footnotes":""},"class_list":["post-156","page","type-page","status-publish","hentry","entry","no-media"],"acf":[],"_links":{"self":[{"href":"https:\/\/dentool.dk\/de\/wp-json\/wp\/v2\/pages\/156","targetHints":{"allow":["GET"]}}],"collection":[{"href":"https:\/\/dentool.dk\/de\/wp-json\/wp\/v2\/pages"}],"about":[{"href":"https:\/\/dentool.dk\/de\/wp-json\/wp\/v2\/types\/page"}],"author":[{"embeddable":true,"href":"https:\/\/dentool.dk\/de\/wp-json\/wp\/v2\/users\/1"}],"replies":[{"embeddable":true,"href":"https:\/\/dentool.dk\/de\/wp-json\/wp\/v2\/comments?post=156"}],"version-history":[{"count":13,"href":"https:\/\/dentool.dk\/de\/wp-json\/wp\/v2\/pages\/156\/revisions"}],"predecessor-version":[{"id":42094,"href":"https:\/\/dentool.dk\/de\/wp-json\/wp\/v2\/pages\/156\/revisions\/42094"}],"wp:attachment":[{"href":"https:\/\/dentool.dk\/de\/wp-json\/wp\/v2\/media?parent=156"}],"curies":[{"name":"wp","href":"https:\/\/api.w.org\/{rel}","templated":true}]}}